{"id":81,"date":"2017-09-07T06:59:19","date_gmt":"2017-09-07T06:59:19","guid":{"rendered":"http:\/\/cyborg.edu-desarrollo.umh.es\/?page_id=81"},"modified":"2025-04-01T10:57:00","modified_gmt":"2025-04-01T08:57:00","slug":"cursos","status":"publish","type":"page","link":"https:\/\/cyborg.umh.es\/en\/cursos\/","title":{"rendered":"Training"},"content":{"rendered":"<p><\/p>\n<h5><img loading=\"lazy\" class=\"alignleft wp-image-581 size-thumbnail\" src=\"https:\/\/cyborg.umh.es\/files\/2017\/09\/Logo-Acreditacion-CYBORG-150x150.png\" alt=\"Logo Acreditaci\u00f3n CYBORG\" width=\"150\" height=\"150\" srcset=\"https:\/\/cyborg.umh.es\/files\/2017\/09\/Logo-Acreditacion-CYBORG-150x150.png 150w, https:\/\/cyborg.umh.es\/files\/2017\/09\/Logo-Acreditacion-CYBORG.png 201w\" sizes=\"(max-width: 150px) 100vw, 150px\" \/><\/h5>\n<p id=\"tw-target-text\" class=\"tw-data-text tw-text-large tw-ta\" dir=\"ltr\" style=\"text-align: justify\" data-placeholder=\"Traducci\u00f3n\"><span class=\"Y2IQFc\" lang=\"en\"><span style=\"color: #008000\"><strong>ACCREDITED CENTER<\/strong><\/span> f<span style=\"color: #000000\">or carrying out training programs for non-health personnel for the use of automatic and semi-automatic external defibrillators outside the health field in the Valencian Community. <\/span><\/span><\/p>\n<p class=\"tw-data-text tw-text-large tw-ta\" dir=\"ltr\" data-placeholder=\"Traducci\u00f3n\"><a href=\"https:\/\/cyborg.umh.es\/files\/2019\/03\/Acreditacion-UMH.pdf\"><span class=\"Y2IQFc\" lang=\"en\">Link Certification Accreditation Department of Universal Health and Public Health<\/span><\/a><\/p>\n<hr \/>\n<h3><span style=\"color: #003366\"><strong>Courses managed by the Cyborg Experimental Center<\/strong><\/span><\/h3>\n\n\t\t<style type=\"text\/css\">\n\t\t\t#gallery-2 {\n\t\t\t\tmargin: auto;\n\t\t\t}\n\t\t\t#gallery-2 .gallery-item {\n\t\t\t\tfloat: left;\n\t\t\t\tmargin-top: 10px;\n\t\t\t\ttext-align: center;\n\t\t\t\twidth: 14%;\n\t\t\t}\n\t\t\t#gallery-2 img {\n\t\t\t\tborder: 2px solid #cfcfcf;\n\t\t\t}\n\t\t\t#gallery-2 .gallery-caption {\n\t\t\t\tmargin-left: 0;\n\t\t\t}\n\t\t\t\/* see gallery_shortcode() in wp-includes\/media.php *\/\n\t\t<\/style>\n\t\t<div id='gallery-2' class='gallery galleryid-81 gallery-columns-7 gallery-size-thumbnail'><dl class='gallery-item'>\n\t\t\t<dt class='gallery-icon landscape'>\n\t\t\t\t<a href='https:\/\/cyborg.umh.es\/files\/2022\/01\/Imagen1.jpg'><img width=\"150\" height=\"150\" src=\"https:\/\/cyborg.umh.es\/files\/2022\/01\/Imagen1-150x150.jpg\" class=\"attachment-thumbnail size-thumbnail\" alt=\"Curso de Laparoscop\u00eda\" loading=\"lazy\" \/><\/a>\n\t\t\t<\/dt><\/dl><dl class='gallery-item'>\n\t\t\t<dt class='gallery-icon landscape'>\n\t\t\t\t<a href='https:\/\/cyborg.umh.es\/files\/2022\/01\/Imagen7.jpg'><img width=\"150\" height=\"150\" src=\"https:\/\/cyborg.umh.es\/files\/2022\/01\/Imagen7-150x150.jpg\" class=\"attachment-thumbnail size-thumbnail\" alt=\"Curso de Laparoscop\u00eda\" loading=\"lazy\" aria-describedby=\"gallery-2-1564\" \/><\/a>\n\t\t\t<\/dt>\n\t\t\t\t<dd class='wp-caption-text gallery-caption' id='gallery-2-1564'>\n\t\t\t\tTorres Laparoscopia\n\t\t\t\t<\/dd><\/dl><dl class='gallery-item'>\n\t\t\t<dt class='gallery-icon landscape'>\n\t\t\t\t<a href='https:\/\/cyborg.umh.es\/files\/2022\/01\/IMG_20190326_095735-scaled.jpg'><img width=\"150\" height=\"150\" src=\"https:\/\/cyborg.umh.es\/files\/2022\/01\/IMG_20190326_095735-150x150.jpg\" class=\"attachment-thumbnail size-thumbnail\" alt=\"Curso de Laparoscop\u00eda\" loading=\"lazy\" \/><\/a>\n\t\t\t<\/dt><\/dl><dl class='gallery-item'>\n\t\t\t<dt class='gallery-icon landscape'>\n\t\t\t\t<a href='https:\/\/cyborg.umh.es\/files\/2022\/01\/IMG_20200226_113741-scaled.jpg'><img width=\"150\" height=\"150\" src=\"https:\/\/cyborg.umh.es\/files\/2022\/01\/IMG_20200226_113741-150x150.jpg\" class=\"attachment-thumbnail size-thumbnail\" alt=\"Curso de Laparoscop\u00eda\" loading=\"lazy\" \/><\/a>\n\t\t\t<\/dt><\/dl><dl class='gallery-item'>\n\t\t\t<dt class='gallery-icon landscape'>\n\t\t\t\t<a href='https:\/\/cyborg.umh.es\/files\/2022\/01\/IMG_20211116_124939-scaled.jpg'><img width=\"150\" height=\"150\" src=\"https:\/\/cyborg.umh.es\/files\/2022\/01\/IMG_20211116_124939-150x150.jpg\" class=\"attachment-thumbnail size-thumbnail\" alt=\"Formaci\u00f3n Cyborg\" loading=\"lazy\" \/><\/a>\n\t\t\t<\/dt><\/dl><dl class='gallery-item'>\n\t\t\t<dt class='gallery-icon landscape'>\n\t\t\t\t<a href='https:\/\/cyborg.umh.es\/files\/2022\/01\/IMG_20211116_131138-scaled.jpg'><img width=\"150\" height=\"150\" src=\"https:\/\/cyborg.umh.es\/files\/2022\/01\/IMG_20211116_131138-150x150.jpg\" class=\"attachment-thumbnail size-thumbnail\" alt=\"Formaci\u00f3n Cyborg\" loading=\"lazy\" \/><\/a>\n\t\t\t<\/dt><\/dl><dl class='gallery-item'>\n\t\t\t<dt class='gallery-icon portrait'>\n\t\t\t\t<a href='https:\/\/cyborg.umh.es\/files\/2022\/01\/P1110366-scaled.jpg'><img width=\"150\" height=\"150\" src=\"https:\/\/cyborg.umh.es\/files\/2022\/01\/P1110366-150x150.jpg\" class=\"attachment-thumbnail size-thumbnail\" alt=\"Pr\u00e1cticas Militares\" loading=\"lazy\" \/><\/a>\n\t\t\t<\/dt><\/dl><br style=\"clear: both\" \/><dl class='gallery-item'>\n\t\t\t<dt class='gallery-icon landscape'>\n\t\t\t\t<a href='https:\/\/cyborg.umh.es\/files\/2022\/01\/P1110400-scaled.jpg'><img width=\"150\" height=\"150\" src=\"https:\/\/cyborg.umh.es\/files\/2022\/01\/P1110400-150x150.jpg\" class=\"attachment-thumbnail size-thumbnail\" alt=\"Formaci\u00f3n Cyborg\" loading=\"lazy\" \/><\/a>\n\t\t\t<\/dt><\/dl><dl class='gallery-item'>\n\t\t\t<dt class='gallery-icon landscape'>\n\t\t\t\t<a href='https:\/\/cyborg.umh.es\/files\/2022\/01\/P1110419-scaled.jpg'><img width=\"150\" height=\"150\" src=\"https:\/\/cyborg.umh.es\/files\/2022\/01\/P1110419-150x150.jpg\" class=\"attachment-thumbnail size-thumbnail\" alt=\"Formaci\u00f3n Cyborg\" loading=\"lazy\" \/><\/a>\n\t\t\t<\/dt><\/dl><dl class='gallery-item'>\n\t\t\t<dt class='gallery-icon landscape'>\n\t\t\t\t<a href='https:\/\/cyborg.umh.es\/files\/2022\/01\/P1110420-scaled.jpg'><img width=\"150\" height=\"150\" src=\"https:\/\/cyborg.umh.es\/files\/2022\/01\/P1110420-150x150.jpg\" class=\"attachment-thumbnail size-thumbnail\" alt=\"Formaci\u00f3n Cyborg\" loading=\"lazy\" \/><\/a>\n\t\t\t<\/dt><\/dl><dl class='gallery-item'>\n\t\t\t<dt class='gallery-icon landscape'>\n\t\t\t\t<a href='https:\/\/cyborg.umh.es\/files\/2022\/01\/P1110434-scaled.jpg'><img width=\"150\" height=\"150\" src=\"https:\/\/cyborg.umh.es\/files\/2022\/01\/P1110434-150x150.jpg\" class=\"attachment-thumbnail size-thumbnail\" alt=\"Formaci\u00f3n Cyborg\" loading=\"lazy\" \/><\/a>\n\t\t\t<\/dt><\/dl><dl class='gallery-item'>\n\t\t\t<dt class='gallery-icon landscape'>\n\t\t\t\t<a href='https:\/\/cyborg.umh.es\/files\/2022\/01\/P1110452-scaled.jpg'><img width=\"150\" height=\"150\" src=\"https:\/\/cyborg.umh.es\/files\/2022\/01\/P1110452-150x150.jpg\" class=\"attachment-thumbnail size-thumbnail\" alt=\"Animalario UMH\" loading=\"lazy\" \/><\/a>\n\t\t\t<\/dt><\/dl><dl class='gallery-item'>\n\t\t\t<dt class='gallery-icon landscape'>\n\t\t\t\t<a href='https:\/\/cyborg.umh.es\/files\/2022\/01\/Sala-de-cursos-de-postgrado-con-mesas-de-quirofano1.jpg'><img width=\"150\" height=\"150\" src=\"https:\/\/cyborg.umh.es\/files\/2022\/01\/Sala-de-cursos-de-postgrado-con-mesas-de-quirofano1-150x150.jpg\" class=\"attachment-thumbnail size-thumbnail\" alt=\"Curso de Laparoscop\u00eda\" loading=\"lazy\" \/><\/a>\n\t\t\t<\/dt><\/dl><dl class='gallery-item'>\n\t\t\t<dt class='gallery-icon landscape'>\n\t\t\t\t<a href='https:\/\/cyborg.umh.es\/files\/2022\/01\/Sala-de-cursos-de-postgrado-con-mesas-de-quirofano2.jpg'><img width=\"150\" height=\"150\" src=\"https:\/\/cyborg.umh.es\/files\/2022\/01\/Sala-de-cursos-de-postgrado-con-mesas-de-quirofano2-150x150.jpg\" class=\"attachment-thumbnail size-thumbnail\" alt=\"Curso de Laparoscop\u00eda\" loading=\"lazy\" aria-describedby=\"gallery-2-1603\" \/><\/a>\n\t\t\t<\/dt>\n\t\t\t\t<dd class='wp-caption-text gallery-caption' id='gallery-2-1603'>\n\t\t\t\tFormaci\u00f3n\n\t\t\t\t<\/dd><\/dl><br style=\"clear: both\" \/>\n\t\t<\/div>\n\n<hr \/>\n<p><span style=\"color: #003366\"><strong><img loading=\"lazy\" class=\"wp-image-663 alignleft\" src=\"https:\/\/cyborg.umh.es\/files\/2017\/09\/2017-12-15-300x300.jpg\" alt=\"\" width=\"34\" height=\"34\" srcset=\"https:\/\/cyborg.umh.es\/files\/2017\/09\/2017-12-15-300x300.jpg 300w, https:\/\/cyborg.umh.es\/files\/2017\/09\/2017-12-15-150x150.jpg 150w, https:\/\/cyborg.umh.es\/files\/2017\/09\/2017-12-15.jpg 400w\" sizes=\"(max-width: 34px) 100vw, 34px\" \/><\/strong><\/span><\/p>\n<p id=\"tw-target-text\" dir=\"ltr\" data-placeholder=\"Traducci\u00f3n\"><span style=\"color: #003366\"><strong><span lang=\"en\">CARDIOPROTECTED UNIVERSITY PROGRAM<\/span><\/strong><\/span><\/p>\n<p id=\"tw-target-text\" class=\"tw-data-text tw-text-large tw-ta\" dir=\"ltr\" style=\"text-align: justify\" data-placeholder=\"Traducci\u00f3n\"><span class=\"Y2IQFc\" lang=\"en\" style=\"color: #000000\">INITIAL TRAINING COURSE IN BASIC LIFE SUPPORT WITH EXTERNAL DEFIBRILLATOR IN ADULTS OUTSIDE THE HOSPITAL \u2013 [October-November 2022]<\/span><\/p>\n<p dir=\"ltr\" data-placeholder=\"Traducci\u00f3n\"><a href=\"https:\/\/comunicacion.umh.es\/2022\/11\/07\/curso-teorico-y-practico-soporte-vital-basico\/\" target=\"_blank\" rel=\"noopener\">Rese\u00f1a Prensa Servicio de Comunicaci\u00f3n UMH<\/a>\u00a0<a href=\"https:\/\/comunicacion.umh.es\/2019\/09\/17\/el-equipo-de-direccion-participa-en-un-curso-sobre-el-uso-de-desfibriladores-para-personal-no-sanitario\/\" target=\"_blank\" rel=\"noopener\"><img loading=\"lazy\" class=\"alignnone wp-image-1870\" src=\"https:\/\/cyborg.umh.es\/files\/2022\/03\/Enlace-exterior.png\" alt=\"abre en nueva ventana\" width=\"20\" height=\"20\" srcset=\"https:\/\/cyborg.umh.es\/files\/2022\/03\/Enlace-exterior.png 225w, https:\/\/cyborg.umh.es\/files\/2022\/03\/Enlace-exterior-150x150.png 150w\" sizes=\"(max-width: 20px) 100vw, 20px\" \/><\/a><\/p>\n<hr \/>\n<p id=\"tw-target-text\" class=\"tw-data-text tw-text-large tw-ta\" dir=\"ltr\" data-placeholder=\"Traducci\u00f3n\"><span style=\"color: #003366\"><strong><span class=\"Y2IQFc\" lang=\"en\"><img loading=\"lazy\" class=\"wp-image-663 alignleft\" src=\"https:\/\/cyborg.umh.es\/files\/2017\/09\/2017-12-15-300x300.jpg\" alt=\"\" width=\"34\" height=\"34\" srcset=\"https:\/\/cyborg.umh.es\/files\/2017\/09\/2017-12-15-300x300.jpg 300w, https:\/\/cyborg.umh.es\/files\/2017\/09\/2017-12-15-150x150.jpg 150w, https:\/\/cyborg.umh.es\/files\/2017\/09\/2017-12-15.jpg 400w\" sizes=\"(max-width: 34px) 100vw, 34px\" \/>COOKING ARTIFICIAL INTELLIGENCE WITH PYTHON<\/span><\/strong><\/span><\/p>\n<p id=\"tw-target-text\" class=\"tw-data-text tw-text-large tw-ta\" dir=\"ltr\" style=\"text-align: justify\" data-placeholder=\"Traducci\u00f3n\"><span class=\"Y2IQFc\" lang=\"en\" style=\"color: #000000\">Based on the challenges that the application of technologies based on Artificial Intelligence (AI) will bring in this next decade of 2020-2030, the UMH offers the Artificial Intelligence (AI) Course, entitled &#8220;Cooking Artificial Intelligence with Python&#8221;. This learning route lasts 20 hours of training and is aimed at people who do not have any level of programming.<\/span><\/p>\n<hr \/>\n<p><span style=\"color: #003366\"><strong><img loading=\"lazy\" class=\"wp-image-663 alignleft\" src=\"https:\/\/cyborg.umh.es\/files\/2017\/09\/2017-12-15-300x300.jpg\" alt=\"\" width=\"34\" height=\"34\" srcset=\"https:\/\/cyborg.umh.es\/files\/2017\/09\/2017-12-15-300x300.jpg 300w, https:\/\/cyborg.umh.es\/files\/2017\/09\/2017-12-15-150x150.jpg 150w, https:\/\/cyborg.umh.es\/files\/2017\/09\/2017-12-15.jpg 400w\" sizes=\"(max-width: 34px) 100vw, 34px\" \/><\/strong><\/span><\/p>\n<p id=\"tw-target-text\" class=\"tw-data-text tw-text-large tw-ta\" dir=\"ltr\" data-placeholder=\"Traducci\u00f3n\"><strong><span class=\"Y2IQFc\" lang=\"en\" style=\"color: #003366\">CARDIOPROTECTED UNIVERSITY PROGRAM<\/span><\/strong><\/p>\n<p id=\"tw-target-text\" class=\"tw-data-text tw-text-large tw-ta\" dir=\"ltr\" style=\"text-align: justify\" data-placeholder=\"Traducci\u00f3n\"><span class=\"Y2IQFc\" lang=\"en\" style=\"color: #000000\">INITIAL TRAINING COURSE IN BASIC LIFE SUPPORT WITH EXTERNAL DEFIBRILLATOR IN ADULTS OUTSIDE THE HOSPITAL &#8211; [September 2019]<\/span><\/p>\n<hr \/>\n<p><span style=\"color: #003366\"><strong><img loading=\"lazy\" class=\"wp-image-663 alignleft\" src=\"https:\/\/cyborg.umh.es\/files\/2017\/09\/2017-12-15-300x300.jpg\" alt=\"\" width=\"34\" height=\"34\" srcset=\"https:\/\/cyborg.umh.es\/files\/2017\/09\/2017-12-15-300x300.jpg 300w, https:\/\/cyborg.umh.es\/files\/2017\/09\/2017-12-15-150x150.jpg 150w, https:\/\/cyborg.umh.es\/files\/2017\/09\/2017-12-15.jpg 400w\" sizes=\"(max-width: 34px) 100vw, 34px\" \/>COCINANDO DATOS CON PYTHON PARA INVESTIGACI\u00d3N REPRODUCIBLE<\/strong><\/span><\/p>\n<ul>\n<li id=\"tw-target-text\" class=\"tw-data-text tw-text-large tw-ta\" style=\"text-align: justify\" data-placeholder=\"Traducci\u00f3n\"><span class=\"Y2IQFc\" lang=\"en\" style=\"color: #000000\">Teaching start and end dates: July 15 to 19, 2019 in the morning <\/span><\/li>\n<li class=\"tw-data-text tw-text-large tw-ta\" style=\"text-align: justify\" data-placeholder=\"Traducci\u00f3n\"><span class=\"Y2IQFc\" lang=\"en\" style=\"color: #000000\">Registration start and end date: May 1 to June 30, 2019<\/span><\/li>\n<\/ul>\n<hr \/>\n<p><span style=\"color: #003366\"><strong><img loading=\"lazy\" class=\"wp-image-663 alignleft\" src=\"https:\/\/cyborg.umh.es\/files\/2017\/09\/2017-12-15-300x300.jpg\" alt=\"\" width=\"34\" height=\"34\" srcset=\"https:\/\/cyborg.umh.es\/files\/2017\/09\/2017-12-15-300x300.jpg 300w, https:\/\/cyborg.umh.es\/files\/2017\/09\/2017-12-15-150x150.jpg 150w, https:\/\/cyborg.umh.es\/files\/2017\/09\/2017-12-15.jpg 400w\" sizes=\"(max-width: 34px) 100vw, 34px\" \/>PROGRAMA UNIVERSIDAD CARDIOPROTEGIDA<\/strong><\/span><\/p>\n<p>INITIAL TRAINING COURSE IN BASIC LIFE SUPPORT WITH EXTERNAL DEFIBRILLATOR IN ADULTS OUTSIDE THE HOSPITAL &#8211; [March 2019]<\/p>\n<hr \/>\n<h3><span style=\"color: #003366\">Courses taught at the Cyborg Experimental Center<\/span><\/h3>\n<ul>\n<li><a title=\"Folleto Curso\" href=\"https:\/\/cyborg.umh.es\/files\/2020\/02\/ANATOMIA-TOPOGRAFICA-EN-COSMETOLOGIA_Mod-Cyborg.pdf\" target=\"_blank\" rel=\"noopener\">Anatom\u00eda Topografica en Cosmetolog\u00eda<\/a><\/li>\n<li><a href=\"https:\/\/cyborg.umh.es\/files\/2020\/02\/CIRUGIA-ESTETICA-Y-COSMETOLOGICA.pdf\" target=\"_blank\" rel=\"noopener\">Cirug\u00eda Est\u00e9tica y Cosmetologica<\/a><\/li>\n<li><a href=\"https:\/\/cyborg.umh.es\/files\/2020\/02\/CIRUGIA-IMPLANTOLOGICA-DENTAL.pdf\" target=\"_blank\" rel=\"noopener\">Cirug\u00eda Implantol\u00f3gica Dental<\/a><\/li>\n<li><a href=\"https:\/\/cyborg.umh.es\/files\/2020\/02\/CURSO-DE-DISECCION-DEL-HUESO-TEMPORAL.pdf\" target=\"_blank\" rel=\"noopener\">Curso de Disecci\u00f3n del Hueso Temporal<\/a><\/li>\n<li><a href=\"https:\/\/cyborg.umh.es\/files\/2020\/02\/CURSO-DE-DISECCION-EN-CIRUGIA-BUCO-MAXILOFACIAL.-VII-EDICION.pdf\" target=\"_blank\" rel=\"noopener\">Curso de Disecci\u00f3n en Cirug\u00eda buco-maxilofacial. <em>Vii edici\u00f3n<\/em><\/a><\/li>\n<li><a href=\"https:\/\/cyborg.umh.es\/files\/2020\/02\/CURSO-ONCOLOGIA-GINECOLOGICA.pdf\" target=\"_blank\" rel=\"noopener\">Curso Oncolog\u00eda Ginecol\u00f3gica<\/a><\/li>\n<li><a href=\"https:\/\/cyborg.umh.es\/files\/2020\/02\/DISFUNCIONES-DEL-SUELO-PELVICO.pdf\" target=\"_blank\" rel=\"noopener\">Disfunciones del Suelo Pelvico<\/a><\/li>\n<li><a href=\"https:\/\/cyborg.umh.es\/files\/2020\/02\/ESPECIALISTA-EN-LAPAROSCOPIA.pdf\" target=\"_blank\" rel=\"noopener\">Especialista en Laparoscopia<\/a><\/li>\n<li><a href=\"https:\/\/cyborg.umh.es\/files\/2020\/02\/HANDS-ON-COURSE-ON-LAPAROSCOPY-IN-THE-MANAGEMENT-OF-PERITONEAL-.CARCINOMATOSISa.pdf\" target=\"_blank\" rel=\"noopener\">Hands-on course on Laparoscopy in the Management of Perit\u00f3ne\u00e1l .Carcinomatosis<\/a><\/li>\n<li><a href=\"https:\/\/cyborg.umh.es\/files\/2020\/02\/IMPLANTES-CIGOMATICOS.pdf\" target=\"_blank\" rel=\"noopener\">Implantes Cigomaticos<\/a><\/li>\n<li><a href=\"https:\/\/cyborg.umh.es\/files\/2020\/02\/LAPAROSCOPIA-AVANZADA.pdf\" target=\"_blank\" rel=\"noopener\">Laparoscopia Avanzada<\/a><\/li>\n<li><a href=\"https:\/\/cyborg.umh.es\/files\/2020\/02\/LYMPHATIC-MICROSURGERY.pdf\" target=\"_blank\" rel=\"noopener\">Lymphatic Microsurgery<\/a><\/li>\n<li><a href=\"https:\/\/cyborg.umh.es\/files\/2020\/02\/MIOPLASTIAS-TORACOABDOMINALES.pdf\" target=\"_blank\" rel=\"noopener\">Mioplastias Toracoabdominales<\/a><\/li>\n<li><a href=\"https:\/\/cyborg.umh.es\/files\/2020\/02\/NEOVAGINA.pdf\" target=\"_blank\" rel=\"noopener\">Neovagina<\/a><\/li>\n<li><a href=\"https:\/\/cyborg.umh.es\/files\/2020\/02\/NERVIO-PERIFERICO.pdf\" target=\"_blank\" rel=\"noopener\">Nervio Periferico<\/a><\/li>\n<li><a href=\"https:\/\/cyborg.umh.es\/files\/2020\/02\/PERIPHERAL-NERVE-SURGERY.pdf\" target=\"_blank\" rel=\"noopener\">Peripheral Nerve Surgery<\/a><\/li>\n<li><a href=\"https:\/\/cyborg.umh.es\/files\/2020\/02\/RECONSTRUCCION-MAMARIA.pdf\" target=\"_blank\" rel=\"noopener\">Reconstruccion Mamaria<\/a><\/li>\n<li><a href=\"https:\/\/cyborg.umh.es\/files\/2020\/02\/RECONSTRUCTION-COURSE-ON-CADAVER-..pdf\" target=\"_blank\" rel=\"noopener\">Reconstruction Course on Cadaver<\/a><\/li>\n<li><a href=\"https:\/\/cyborg.umh.es\/files\/2020\/02\/REHABILITACION-DE-ESPASTICIDAD.pdf\" target=\"_blank\" rel=\"noopener\">Rehabilitacion de Espasticidad<\/a><\/li>\n<\/ul>\n<hr \/>\n<h3><strong><span style=\"color: #003366\">UMH Own Studies<\/span><\/strong><\/h3>\n<p id=\"tw-target-text\" class=\"tw-data-text tw-text-large tw-ta\" dir=\"ltr\" style=\"text-align: justify\" data-placeholder=\"Traducci\u00f3n\"><span class=\"Y2IQFc\" lang=\"en\" style=\"color: #000000\">These are the teachings that, within the current regulations, the UMH carries out in order to facilitate continuous and specialized training, allowing us to respond quickly and effectively to social demands for training, both general and specialized or professional in scientific areas, technical, humanistic or artistic. <\/span><\/p>\n<p class=\"tw-data-text tw-text-large tw-ta\" dir=\"ltr\" style=\"text-align: justify\" data-placeholder=\"Traducci\u00f3n\"><span class=\"Y2IQFc\" lang=\"en\" style=\"color: #000000\">Within these own studies we can highlight:<\/span><\/p>\n<ul>\n<li id=\"tw-target-text\" class=\"tw-data-text tw-text-large tw-ta\" style=\"text-align: justify\" data-placeholder=\"Traducci\u00f3n\"><span class=\"Y2IQFc\" lang=\"en\" style=\"color: #000000\"><strong>UNIVERSITY SPECIALIST STUDIES.-<\/strong> They are teachings not expressly included in the official qualifications, whose objective is the training of high-level specialists in matters aimed at professional application and specialization. <strong><em>Access requirements<\/em><\/strong>: Graduates of official university studies, and exceptionally, professionals with recognized knowledge (Max. 10% of places) <\/span><\/li>\n<li class=\"tw-data-text tw-text-large tw-ta\" style=\"text-align: justify\" data-placeholder=\"Traducci\u00f3n\"><span class=\"Y2IQFc\" lang=\"en\" style=\"color: #000000\"><strong>IMPROVEMENT COURSE.-<\/strong> They are teachings aimed at professional specialization and the updating and deepening of knowledge.- <em><strong>Access requirements<\/strong><\/em>: University students or professionals related to the subject matter of the course. <\/span><\/li>\n<li class=\"tw-data-text tw-text-large tw-ta\" style=\"text-align: justify\" data-placeholder=\"Traducci\u00f3n\"><span class=\"Y2IQFc\" lang=\"en\" style=\"color: #000000\"><strong>PROFESSIONAL SPECIALIZATION COURSE.-<\/strong> They are courses that aim to contribute to the development of specific professional skills and facilitate the expansion and acquisition of new knowledge. <em><strong>Access requirements:<\/strong><\/em> Anyone interested in them.<\/span><\/li>\n<\/ul>\n<hr \/>\n<p style=\"text-align: center\"><a href=\"https:\/\/www.umh.es\/contenido\/Estudios\/:Titulaciones_Propias\/datos_es.html?exhibit&amp;filter=%3Aram_C%7Crama\">Link to Own Studies UMH &#8211; Health Sciences<\/a><\/p>\n<hr \/>\n<p><\/p>","protected":false},"excerpt":{"rendered":"<p>ACCREDITED CENTER for carrying out training programs for non-health personnel for the use of automatic and semi-automatic external defibrillators outside the health field in the Valencian Community.<br \/>\nLink Certification Accreditation Department of Universal Health and Public Health<\/p>\n<p>Courses managed by the Cyborg Experimental Center<\/p>\n<p>\t\t\t#gallery-4 {<br \/>\n\t\t\t\tmargin: auto;<br \/>\n\t\t\t}<br \/>\n\t\t\t#gallery-4 .gallery-item {<br \/>\n\t\t\t\tfloat: left;<br \/>\n\t\t\t\tmargin-top: 10px;<br \/>\n\t\t\t\ttext-align: center;<br \/>\n\t\t\t\twidth: 14%;<br \/>\n\t\t\t}<br \/>\n\t\t\t#gallery-4 img {<br \/>\n\t\t\t\tborder: 2px solid [&#8230;]<\/p>\n","protected":false},"author":168,"featured_media":0,"parent":0,"menu_order":8,"comment_status":"closed","ping_status":"closed","template":"","meta":{"_links_to":"","_links_to_target":""},"_links":{"self":[{"href":"https:\/\/cyborg.umh.es\/en\/wp-json\/wp\/v2\/pages\/81"}],"collection":[{"href":"https:\/\/cyborg.umh.es\/en\/wp-json\/wp\/v2\/pages"}],"about":[{"href":"https:\/\/cyborg.umh.es\/en\/wp-json\/wp\/v2\/types\/page"}],"author":[{"embeddable":true,"href":"https:\/\/cyborg.umh.es\/en\/wp-json\/wp\/v2\/users\/168"}],"replies":[{"embeddable":true,"href":"https:\/\/cyborg.umh.es\/en\/wp-json\/wp\/v2\/comments?post=81"}],"version-history":[{"count":0,"href":"https:\/\/cyborg.umh.es\/en\/wp-json\/wp\/v2\/pages\/81\/revisions"}],"wp:attachment":[{"href":"https:\/\/cyborg.umh.es\/en\/wp-json\/wp\/v2\/media?parent=81"}],"curies":[{"name":"wp","href":"https:\/\/api.w.org\/{rel}","templated":true}]}}